{"id":1004,"date":"2023-02-27T11:42:18","date_gmt":"2023-02-27T10:42:18","guid":{"rendered":"https:\/\/www.tmkart.it\/?page_id=1004"},"modified":"2023-04-28T11:07:51","modified_gmt":"2023-04-28T09:07:51","slug":"privacy-policy","status":"publish","type":"page","link":"https:\/\/www.tmkart.it\/it\/privacy-policy\/","title":{"rendered":"Privacy Policy"},"content":{"rendered":"<div class=\"fusion-fullwidth fullwidth-box fusion-builder-row-1 fusion-flex-container nonhundred-percent-fullwidth non-hundred-percent-height-scrolling\" style=\"--awb-border-radius-top-left:0px;--awb-border-radius-top-right:0px;--awb-border-radius-bottom-right:0px;--awb-border-radius-bottom-left:0px;--awb-flex-wrap:wrap;\" ><div class=\"fusion-builder-row fusion-row fusion-flex-align-items-flex-start fusion-flex-content-wrap\" style=\"max-width:1497.6px;margin-left: calc(-4% \/ 2 );margin-right: calc(-4% \/ 2 );\"><div class=\"fusion-layout-column fusion_builder_column fusion-builder-column-0 fusion_builder_column_1_1 1_1 fusion-flex-column\" style=\"--awb-bg-size:cover;--awb-width-large:100%;--awb-margin-top-large:0px;--awb-spacing-right-large:1.92%;--awb-margin-bottom-large:0px;--awb-spacing-left-large:1.92%;--awb-width-medium:100%;--awb-spacing-right-medium:1.92%;--awb-spacing-left-medium:1.92%;--awb-width-small:100%;--awb-spacing-right-small:1.92%;--awb-spacing-left-small:1.92%;\"><div class=\"fusion-column-wrapper fusion-flex-justify-content-flex-start fusion-content-layout-column\"><div class=\"fusion-title title fusion-title-1 fusion-sep-none fusion-title-center fusion-title-text fusion-title-size-two\"><h2 class=\"fusion-title-heading title-heading-center fusion-responsive-typography-calculated\" style=\"margin:0;--fontSize:135;line-height:1.07;\">INFORMATIVA SULLA PRIVACY<\/h2><\/div><div class=\"fusion-text fusion-text-1\"><p>In questa pagina sono descritte le modalit\u00e0 di gestione dei dati personali degli utenti che accedono al sito www.tmkart.it. La presente informativa resa ai sensi dell\u2019art. 13 del Codice in materia di protezione dei dati personali (D.lgs. n. 196\/2003) a coloro che interagiscono con i servizi Web accessibili per via telematica a partire dall\u2019indirizzo: <a href=\"https:\/\/www.tmkart.it\/it\/\">www.tmkart.it<\/a><\/p>\n<p>L\u2019informativa \u00e8 resa esclusivamente per il sito <a href=\"https:\/\/www.tmkart.it\/it\/\">www.tmkart.it<\/a> e non anche per altri siti Web eventualmente consultati dall\u2019utente tramite collegamento presente su tale sito.<\/p>\n<p>Visitando il sito <a href=\"https:\/\/www.tmkart.it\/it\/\">www.tmkart.it<\/a>, si accettano le prassi descritte nella presente Informativa sulla Privacy.<\/p>\n<\/div><div class=\"fusion-title title fusion-title-2 fusion-sep-none fusion-title-text fusion-title-size-four\"><h4 class=\"fusion-title-heading title-heading-left fusion-responsive-typography-calculated\" style=\"margin:0;--fontSize:46.8;line-height:;\">SOGGETTI COIVOLTI<\/h4><\/div><div class=\"fusion-text fusion-text-2\"><p><strong>Titolare del trattamento<\/strong>\nIl soggetto titolare del trattamento dei dati \u00e8 TM kart srl, nella persona del legale rappresentante pro tempore, con sede in Pesaro, Via Fermo, 43 \u2013 61122 Pesaro.<\/p>\n<p><strong>Responsabile del trattamento<\/strong>\nIl soggetto responsabile del trattamento dei dati \u00e8 Retina snc, Via Carpignola 42, 47841 \u2013 Cattolica (RN), www.grupporetina.com.<\/p>\n<p><strong>Luogo di trattamento dei dati<\/strong>\nI trattamenti connessi ai servizi Web di questo sito hanno luogo presso la sede del Responsabile del trattamento e sono curati solo da personale tecnico, interno a tale societ\u00e0, incaricato del trattamento.<\/p>\n<p>Nessun dato raccolto o ricevuto attraverso il sito <a href=\"https:\/\/www.tmkart.it\/it\/\">www.tmkart.it<\/a> verr\u00e0 ceduto o rivelato a terzi.<\/p>\n<\/div><div class=\"fusion-title title fusion-title-3 fusion-sep-none fusion-title-text fusion-title-size-four\"><h4 class=\"fusion-title-heading title-heading-left fusion-responsive-typography-calculated\" style=\"margin:0;--fontSize:46.8;line-height:;\">DATI TRATTATI IN VIA AUTOMATICA<\/h4><\/div><div class=\"fusion-text fusion-text-3\"><p><strong>Dati di navigazione<\/strong>\nI sistemi informatici e i software adoperati per il funzionamento del sito <a href=\"https:\/\/www.tmkart.it\/it\/\">www.tmkart.it<\/a> acquisiscono, nel corso del loro normale esercizio, alcuni dati personali la cui trasmissione \u00e8 implicita nell\u2019uso dei protocolli di comunicazione di Internet. Questi dati sono utilizzati al solo fine di ricavare informazioni statistiche anonime sull\u2019uso del sito, per controllarne il corretto funzionamento, e per consentirti un rapido ed efficace uso del sito. Per un\u2019informativa completa sull\u2019uso dei cookies si rimanda alla Cookie Policy.<\/p>\n<p><strong>Dati facoltativi<\/strong>\nL\u2019utente \u00e8 libero di fornire i dati personali richiesti nei moduli relativi alla procedura di ordine, o che siano necessari per la registrazione al sito, per l\u2019iscrizione alla Newsletter o per ricevere altre comunicazioni e informazioni. Il mancato conferimento dei dati comporta l\u2019impossibilit\u00e0 di ottenere quanto richiesto.<\/p>\n<p><strong>Newsletter<\/strong>\nI dati personali forniti dagli utenti che desiderano iscriversi alla newsletter \u2013 indirizzo di posta elettronica \u2013 sono utilizzati al solo fine di eseguire la prestazione richiesta, consistente nella spedizione di comunicazioni periodiche contenenti informazioni su nuovi prodotti, offerte e promozioni, prodotti in esaurimento, eventi. In qualsiasi momento, l\u2019utente potr\u00e0 eliminare la propria iscrizione alla newsletter; in questo caso, i relativi dati verranno immediatamente cancellati, fatti salvi eventuali specifici obblighi di legge per finalit\u00e0 di pubblica sicurezza.<\/p>\n<p><strong>Dati di registrazione al sito<\/strong>\nI dati personali forniti dagli utenti che desiderano registrarsi al sito \u2013 dati minimi: nome, cognome, indirizzo fisico e indirizzo di posta elettronica, password creata dall\u2019utente; dati ulteriori: luogo e data di nascita, recapiti telefonici \u2013 sono utilizzati al solo fine di eseguire la prestazione richiesta, consistente nella offerta di promozioni speciali destinate agli utenti registrati. I dati forniti per la registrazione al sito verranno altres\u00ec trattati per la procedura di ordine e conferma d\u2019ordine in caso di acquisto da parte di un utente registrato. In qualsiasi momento, l\u2019utente potr\u00e0 eliminare il proprio account; in questo caso, i relativi dati verranno cancellati entro 10 giorni, fatti salvi eventuali specifici obblighi di legge relativi ad adempimenti contabili e per finalit\u00e0 di pubblica sicurezza.<\/p>\n<p><strong>Dati forniti nell\u2019ambito della procedura d\u2019ordine<\/strong>\nIl sito www.tmkart.it consente anche agli utenti non registrati di effettuare acquisti. In questo caso, al cliente verr\u00e0 richiesto di fornire dati \u2013 nome, cognome, indirizzo fisico e indirizzo di posta elettronica, dati di fatturazione, indirizzo di consegna se diverso, nonch\u00e9, per residenti all\u2019estero, luogo e data di nascita \u2013 al solo fine di dar seguito all\u2019ordine.<\/p>\n<p><strong>Dati forniti nell\u2019ambito dell\u2019acquisto di un Buono Regalo<\/strong>\nIn caso di acquisto di un Buono Regalo, all\u2019acquirente \u00e8 possibile indicare un beneficiario diverso da s\u00e9. In questo caso, gli verr\u00e0 chiesto di comunicare il nome e l\u2019indirizzo email del beneficiario, cos\u00ec che questi possa ricevere e utilizzare il Buono Regalo. I dati del beneficiario verranno conservati fino a che il Buono Regalo non sia utilizzato per intero e in ogni caso per il tempo necessario al servizio richiesto e ai relativi adempimenti contabili.<\/p>\n<p><strong>Altri dati forniti volontariamente dall\u2019utente<\/strong>\nL\u2019invio facoltativo, esplicito e volontario di posta elettronica agli indirizzi indicati su questo sito comporta la successiva acquisizione dell\u2019indirizzo del mittente, necessario per rispondere alle richieste, nonch\u00e9 degli eventuali altri dati personali inseriti nella missiva.<\/p>\n<p><strong>Dati di pagamento<\/strong>\nI dati relativi al pagamento vengono acquisiti direttamente da Paypal e non vengono mai ricevuti n\u00e9 transitano attraverso il sito www.tmkart.it: pertanto si rimanda al sito www.paypal.com per informazioni circa il loro trattamento, per il quale TM kart srl declina qualsiasi responsabilit\u00e0.<\/p>\n<p><strong>Dati per adempimenti fiscali<\/strong>\nAi fini della predisposizione della documentazione fiscale ai sensi delle leggi vigenti, verranno richiesti all\u2019utente i seguenti dati: Nome, Cognome, Indirizzo di residenza e Codice Fiscale. NOTA BENE: ai sensi del D.P.R. N. 633\/1972 e all\u2019articolo 21 del Dl 78\/2010 e successivo art.2 comma 6 del Dl 16\/2012, agli utenti che effettuano un acquisto dall\u2019estero verranno richiesti anche Luogo, Stato e data di nascita oltre all\u2019indirizzo di residenza. Il mancato conferimento dei dati impedisce l\u2019emissione del documento fiscale e non consente di procedere oltre nell\u2019ordine.<\/p>\n<p><strong>Modalit\u00e0 del trattamento<\/strong>\nI dati personali sono trattati con strumenti automatizzati per il tempo strettamente necessario a conseguire gli scopi per cui sono stati raccolti. Specifiche misure di sicurezza sono osservate per prevenire la perdita dei dati, il loro uso illecito o l\u2019accesso non autorizzato a essi.<\/p>\n<p><strong>Sicurezza dei dati<\/strong>\nI dati sono acquisiti attraverso la piattaforma Amazon AWS e conservati presso Server Farm Amazon Europe a Dublino. il cui livello di sicurezza certificato, tra i migliori esistenti in uso nel settore di riferimento, \u00e8 consultabile dal sito <a href=\"http:\/\/aws.amazon.com\/ec2\/\">http:\/\/aws.amazon.com\/ec2\/<\/a>.<\/p>\n<p><strong>Comunicazione dei dati<\/strong>\nI dati forniti a TM kart srl verranno comunicati a terzi esclusivamente ai fini del corretto svolgimento dell\u2019attivit\u00e0 e adempimento delle prestazioni assunte. I dati verranno comunicati ai seguenti soggetti:\n\u2014 a soggetti pubblici e\/o privati, per il corretto adempimento degli obblighi contrattuali assunti, nonch\u00e9 degli obblighi derivanti dalla legge;\n\u2014 al vettore incaricato della consegna e\/o del ritiro dei prodotti acquistati;\n\u2014 ai soggetti (ivi incluse le Pubbliche Autorit\u00e0) che abbiano accesso ai dati in forza di provvedimenti normativi o amministrativi.<\/p>\n<p>Per nessun motivo e in nessun caso TM kart SpA comunicher\u00e0 a terzi o diffonder\u00e0 i dati ricevuti al di fuori di quanto qui indicato.<\/p>\n<p><strong>Diritti degli interessati<\/strong>\nI soggetti cui si riferiscono i dati personali hanno il diritto, in qualunque momento, di ottenere la conferma dell\u2019esistenza o meno di tali dati e di conoscerne il contenuto e l\u2019origine, verificarne l\u2019esattezza o chiederne l\u2019integrazione o l\u2019aggiornamento, oppure la rettificazione (art. 7 del d.lgs. n. 196\/2003).<\/p>\n<p>Ai sensi del medesimo articolo i soggetti cui si riferiscono i dati personali hanno il diritto di chiedere la cancellazione e la trasformazione in forma anonima, o il blocco se trattati in violazione di legge, e possono opporsi in ogni caso, per motivi legittimi, al trattamento dei propri dati.<\/p>\n<\/div><div class=\"fusion-title title fusion-title-4 fusion-sep-none fusion-title-text fusion-title-size-four\"><h4 class=\"fusion-title-heading title-heading-left fusion-responsive-typography-calculated\" style=\"margin:0;--fontSize:46.8;line-height:;\"><strong>COOKIE POLICY<\/strong><\/h4><\/div><div class=\"fusion-text fusion-text-4\"><p><strong>Cookies<\/strong>\nI cookies sono stringhe di testo di piccole dimensioni che i siti visitati dall\u2019utente inviano al suo terminale (solitamente al browser), dove vengono memorizzati per essere poi ritrasmessi agli stessi siti alla successiva visita del medesimo utente. Nel corso della navigazione su un sito, l\u2019utente pu\u00f2 ricevere sul suo terminale anche cookie che vengono inviati da siti o da web server diversi (c.d. cookies di \u201cterze parti\u201d), sui quali possono risiedere alcuni elementi (quali, ad esempio, immagini, mappe, suoni, specifici link a pagine di altri domini) presenti sul sito che lo stesso sta visitando.<\/p>\n<p>Il sito <a href=\"https:\/\/www.tmkart.it\/it\/\">www.tmkart.it<\/a> utilizza solo cookies tecnici, per i quali non \u00e8 necessario acquisire il preventivo consenso dell\u2019utente ma che possono essere rifiutati come specificato oltre.<\/p>\n<p><strong>Cookies tecnici<\/strong>\nAi sensi dell\u2019art. 122, comma 1, del Codice in materia di protezione dei dati personali (D.lgs. n. 196\/2003), i cookies tecnici sono quelli utilizzati al solo fine di \u201ceffettuare la trasmissione di una comunicazione su una rete di comunicazione elettronica, o nella misura strettamente necessaria al fornitore di un servizio della societ\u00e0 dell\u2019informazione esplicitamente richiesto dall\u2019abbonato o dall\u2019utente a erogare tale servizio\u201d. I cookies tecnici sono suddivisi in:<\/p>\n<p>\u2014 cookie di navigazione o di sessione, che garantiscono la normale navigazione e fruizione del sito web;\n\u2014 cookie analytics, i quali, unitamente ai web beacons e ai server logs, permettono di calcolare in forma anonima il numero aggregato di visite al Sito e di identificare quali parti dello stesso sono pi\u00f9 popolari, allo scopo di renderlo pi\u00f9 facilmente fruibile da parte degli utenti (a titolo esemplificativo e non esaustivo, si tratta ad esempio di indirizzi IP o nomi a dominio dei computer utilizzati dagli utenti che si connettono al sito, ed altri parametri relativi al sistema operativo e all\u2019ambiente informatico dell\u2019utente).\n\u2014cookie di funzionalit\u00e0, che permettono all\u2019utente la navigazione in funzione di una serie di criteri selezionati (ad esempio, la lingua) al fine di migliorare il servizio reso allo stesso. Per garantire maggiore sicurezza nell\u2019uso del sito <a href=\"https:\/\/www.tmkart.it\/it\/\">www.tmkart.it<\/a> non \u00e8 prevista la memorizzazione da parte del sito e dei software di gestione dello stesso dei dati di autenticazione dell\u2019utente per l\u2019accesso all\u2019area privata del sito: pertanto a ogni nuovo accesso sar\u00e0 necessario inserire nuovamente tali dati.<\/p>\n<p>In alcune pagine del sito www.tmkart.it potrebbero essere attivi cookies di terze parti. In relazione ai dati raccolti mediante tali cookies, si precisa che essi non sono in alcun modo accessibili a TM kart SpA, che pertanto declina qualsiasi responsabilit\u00e0 in proposito, e si rinvia alle policies dei rispettivi titolari:<\/p>\n<p>\u2014 Facebook, <a href=\"https:\/\/www.facebook.com\/policy.php\">https:\/\/www.facebook.com\/policy.php<\/a>; \u2014 Twitter, <a href=\"https:\/\/twitter.com\/privacy\">https:\/\/twitter.com\/privacy<\/a>; \u2014 Pinterest, <a href=\"https:\/\/about.pinterest.com\/en\/privacy-policy\">https:\/\/about.pinterest.com\/en\/privacy-policy<\/a>.<\/p>\n<p><strong>Uso di Google Analytics<\/strong>\nIl sito www.tmkart.it interagisce con il sistema Google Analytics, un sistema di analisi web volto a comprendere attraverso l\u2019uso di cookies in modo completamente anonimo come gli utenti fruiscano del sito.<\/p>\n<p><a href=\"https:\/\/www.tmkart.it\/it\/\">www.tmkart.it<\/a> si avvale di strumenti di analisi aggregata dei dati di navigazione che consentono di migliorare i Siti Web (Web Trends e Google Analytics). Google Analytics utilizza dei cookies che vengono depositati sul computer dell\u2019utente allo scopo di consentire al gestore dei Siti Web di analizzare come gli utenti utilizzano i siti stessi. Le informazioni generate dal cookie sull\u2019utilizzo dei Siti Web da parte dell\u2019utente (compreso l\u2019indirizzo IP anonimizzato tramite masking IP, ossia l\u2019oscuramento delle ultime 8 cifre) verranno trasmesse a Google e depositate presso i suoi server siti negli Stati Uniti. Google utilizzer\u00e0 queste informazioni allo scopo di tracciare e esaminare l\u2019utilizzo del sito da parte dell\u2019utente, compilare report sulle attivit\u00e0 del sito ai gestori del sito stesso e fornire altri servizi relativi alle attivit\u00e0 del sito e all\u2019utilizzo di Internet. Per impedire la memorizzazione dei cookies di Google Analytics sul proprio computer \u00e8 necessario scaricare l\u2019apposito Componente aggiuntivo all\u2019indirizzo <a href=\"https:\/\/tools.google.com\/dlpage\/gaoptout\">https:\/\/tools.google.com\/dlpage\/gaoptout<\/a> e seguire le istruzioni. Per maggiori informazioni si rinvia alla cookie policy di Google Analytics: <a href=\"https:\/\/developers.google.com\/analytics\/devguides\/collection\/analyticsjs\/cookie-usage\">https:\/\/developers.google.com\/analytics\/devguides\/collection\/analyticsjs\/cookie-usage<\/a>.<\/p>\n<p><strong>Durata dei cookies<\/strong>\n<em>Cookies di sessione<\/em>\nI c.d. cookies di sessione sono trasmessi durante una sessione di navigazione: questi cookies non vengono memorizzati in modo persistente sul computer dell\u2019utente e vengono eliminati alla chiusura del browser. Il loro uso \u00e8 strettamente limitato alla trasmissione di identificativi di sessione (costituiti da numeri casuali generati dal server) necessari per consentire la navigazione sicura ed efficiente sul sito e non prevedono n\u00e9 consentono l\u2019acquisizione di dati personali identificativi dell\u2019utente.\n<em>Cookies persistenti<\/em>\nI c.d. cookies persistenti sono trasmessi durante una sessione di navigazione, ma non vengono eliminati alla chiusura del browser: essi vengono memorizzati in modo persistente sul computer dell\u2019utente, che alla successiva navigazione verr\u00e0 riconosciuto come utente avente gi\u00e0 visitato il sito. I cookies persistenti rimangono nel computer fino alla loro eliminazione oppure fino alla loro scadenza. I cookies persistenti utilizzati dal sito www.tmkart.it hanno una durata massima di 1 anno.<\/p>\n<p><strong>Disabilitazione dei cookies<\/strong>\nSi ricorda che in ogni caso, apportando le necessarie modifiche alle impostazioni del browser, l\u2019utente pu\u00f2 fare in modo di essere avvisato preventivamente circa la presenza di eventuali cookies e\/o rifiutarli tutti automaticamente. La invitiamo a informarsi circa le modalit\u00e0 di modifica delle impostazioni del Suo browser visitando la pagina del supporto tecnico ufficiale dello stesso.<\/p>\n<p>Inoltre, l\u2019utente pu\u00f2 disabilitare singoli cookies provenienti dal sito www.tmkart.it o creare eccezioni per accettarli.<\/p>\n<p>Elenco cookies utilizzati dal sito <a href=\"https:\/\/www.tmkart.it\/it\/\">www.tmkart.it<\/a>: 1 cookie tecnico generato dal php\/magento<\/p>\n<p><strong>NOTA BENE:<\/strong> Si segnala che disabilitare i cookies pu\u00f2 far s\u00ec che alcuni servizi o alcune sezioni del sito <a href=\"https:\/\/www.tmkart.it\/it\/\">www.tmkart.it<\/a> non funzionino correttamente.<\/p>\n<\/div><\/div><\/div><\/div><\/div>","protected":false},"excerpt":{"rendered":"","protected":false},"author":1,"featured_media":0,"parent":0,"menu_order":0,"comment_status":"closed","ping_status":"open","template":"","meta":{"_acf_changed":false,"inline_featured_image":false,"footnotes":""},"class_list":["post-1004","page","type-page","status-publish","hentry"],"acf":[],"yoast_head":"<!-- This site is optimized with the Yoast SEO plugin v27.0 - https:\/\/yoast.com\/product\/yoast-seo-wordpress\/ -->\n<title>Privacy Policy - TMKart<\/title>\n<meta name=\"robots\" content=\"index, follow, max-snippet:-1, max-image-preview:large, max-video-preview:-1\" \/>\n<link rel=\"canonical\" href=\"https:\/\/www.tmkart.it\/it\/privacy-policy\/\" \/>\n<meta property=\"og:locale\" content=\"it_IT\" \/>\n<meta property=\"og:type\" content=\"article\" \/>\n<meta property=\"og:title\" content=\"Privacy Policy - TMKart\" \/>\n<meta property=\"og:url\" content=\"https:\/\/www.tmkart.it\/it\/privacy-policy\/\" \/>\n<meta property=\"og:site_name\" content=\"TMKart\" \/>\n<meta property=\"article:publisher\" content=\"https:\/\/www.facebook.com\/tmkartofficial\/\" \/>\n<meta property=\"article:modified_time\" content=\"2023-04-28T09:07:51+00:00\" \/>\n<meta name=\"twitter:card\" content=\"summary_large_image\" \/>\n<meta name=\"twitter:label1\" content=\"Tempo di lettura stimato\" \/>\n\t<meta name=\"twitter:data1\" content=\"17 minuti\" \/>\n<script type=\"application\/ld+json\" class=\"yoast-schema-graph\">{\"@context\":\"https:\/\/schema.org\",\"@graph\":[{\"@type\":\"WebPage\",\"@id\":\"https:\/\/www.tmkart.it\/it\/privacy-policy\/\",\"url\":\"https:\/\/www.tmkart.it\/it\/privacy-policy\/\",\"name\":\"Privacy Policy - TMKart\",\"isPartOf\":{\"@id\":\"https:\/\/www.tmkart.it\/it\/#website\"},\"datePublished\":\"2023-02-27T10:42:18+00:00\",\"dateModified\":\"2023-04-28T09:07:51+00:00\",\"breadcrumb\":{\"@id\":\"https:\/\/www.tmkart.it\/it\/privacy-policy\/#breadcrumb\"},\"inLanguage\":\"it-IT\",\"potentialAction\":[{\"@type\":\"ReadAction\",\"target\":[\"https:\/\/www.tmkart.it\/it\/privacy-policy\/\"]}]},{\"@type\":\"BreadcrumbList\",\"@id\":\"https:\/\/www.tmkart.it\/it\/privacy-policy\/#breadcrumb\",\"itemListElement\":[{\"@type\":\"ListItem\",\"position\":1,\"name\":\"Home\",\"item\":\"https:\/\/www.tmkart.it\/it\/\"},{\"@type\":\"ListItem\",\"position\":2,\"name\":\"Privacy Policy\"}]},{\"@type\":\"WebSite\",\"@id\":\"https:\/\/www.tmkart.it\/it\/#website\",\"url\":\"https:\/\/www.tmkart.it\/it\/\",\"name\":\"TMKart - Kart Engines\",\"description\":\"\",\"publisher\":{\"@id\":\"https:\/\/www.tmkart.it\/it\/#organization\"},\"potentialAction\":[{\"@type\":\"SearchAction\",\"target\":{\"@type\":\"EntryPoint\",\"urlTemplate\":\"https:\/\/www.tmkart.it\/it\/?s={search_term_string}\"},\"query-input\":{\"@type\":\"PropertyValueSpecification\",\"valueRequired\":true,\"valueName\":\"search_term_string\"}}],\"inLanguage\":\"it-IT\"},{\"@type\":\"Organization\",\"@id\":\"https:\/\/www.tmkart.it\/it\/#organization\",\"name\":\"TM Kart srl\",\"url\":\"https:\/\/www.tmkart.it\/it\/\",\"logo\":{\"@type\":\"ImageObject\",\"inLanguage\":\"it-IT\",\"@id\":\"https:\/\/www.tmkart.it\/it\/#\/schema\/logo\/image\/\",\"url\":\"https:\/\/www.tmkart.it\/wp-content\/uploads\/2023\/04\/logo-ciano_retina-4.svg\",\"contentUrl\":\"https:\/\/www.tmkart.it\/wp-content\/uploads\/2023\/04\/logo-ciano_retina-4.svg\",\"width\":100,\"height\":100,\"caption\":\"TM Kart srl\"},\"image\":{\"@id\":\"https:\/\/www.tmkart.it\/it\/#\/schema\/logo\/image\/\"},\"sameAs\":[\"https:\/\/www.facebook.com\/tmkartofficial\/\",\"https:\/\/www.instagram.com\/tmkartofficial\/\",\"https:\/\/www.youtube.com\/@TMkart\"]}]}<\/script>\n<!-- \/ Yoast SEO plugin. -->","yoast_head_json":{"title":"Privacy Policy - TMKart","robots":{"index":"index","follow":"follow","max-snippet":"max-snippet:-1","max-image-preview":"max-image-preview:large","max-video-preview":"max-video-preview:-1"},"canonical":"https:\/\/www.tmkart.it\/it\/privacy-policy\/","og_locale":"it_IT","og_type":"article","og_title":"Privacy Policy - TMKart","og_url":"https:\/\/www.tmkart.it\/it\/privacy-policy\/","og_site_name":"TMKart","article_publisher":"https:\/\/www.facebook.com\/tmkartofficial\/","article_modified_time":"2023-04-28T09:07:51+00:00","twitter_card":"summary_large_image","twitter_misc":{"Tempo di lettura stimato":"17 minuti"},"schema":{"@context":"https:\/\/schema.org","@graph":[{"@type":"WebPage","@id":"https:\/\/www.tmkart.it\/it\/privacy-policy\/","url":"https:\/\/www.tmkart.it\/it\/privacy-policy\/","name":"Privacy Policy - TMKart","isPartOf":{"@id":"https:\/\/www.tmkart.it\/it\/#website"},"datePublished":"2023-02-27T10:42:18+00:00","dateModified":"2023-04-28T09:07:51+00:00","breadcrumb":{"@id":"https:\/\/www.tmkart.it\/it\/privacy-policy\/#breadcrumb"},"inLanguage":"it-IT","potentialAction":[{"@type":"ReadAction","target":["https:\/\/www.tmkart.it\/it\/privacy-policy\/"]}]},{"@type":"BreadcrumbList","@id":"https:\/\/www.tmkart.it\/it\/privacy-policy\/#breadcrumb","itemListElement":[{"@type":"ListItem","position":1,"name":"Home","item":"https:\/\/www.tmkart.it\/it\/"},{"@type":"ListItem","position":2,"name":"Privacy Policy"}]},{"@type":"WebSite","@id":"https:\/\/www.tmkart.it\/it\/#website","url":"https:\/\/www.tmkart.it\/it\/","name":"TMKart - Kart Engines","description":"","publisher":{"@id":"https:\/\/www.tmkart.it\/it\/#organization"},"potentialAction":[{"@type":"SearchAction","target":{"@type":"EntryPoint","urlTemplate":"https:\/\/www.tmkart.it\/it\/?s={search_term_string}"},"query-input":{"@type":"PropertyValueSpecification","valueRequired":true,"valueName":"search_term_string"}}],"inLanguage":"it-IT"},{"@type":"Organization","@id":"https:\/\/www.tmkart.it\/it\/#organization","name":"TM Kart srl","url":"https:\/\/www.tmkart.it\/it\/","logo":{"@type":"ImageObject","inLanguage":"it-IT","@id":"https:\/\/www.tmkart.it\/it\/#\/schema\/logo\/image\/","url":"https:\/\/www.tmkart.it\/wp-content\/uploads\/2023\/04\/logo-ciano_retina-4.svg","contentUrl":"https:\/\/www.tmkart.it\/wp-content\/uploads\/2023\/04\/logo-ciano_retina-4.svg","width":100,"height":100,"caption":"TM Kart srl"},"image":{"@id":"https:\/\/www.tmkart.it\/it\/#\/schema\/logo\/image\/"},"sameAs":["https:\/\/www.facebook.com\/tmkartofficial\/","https:\/\/www.instagram.com\/tmkartofficial\/","https:\/\/www.youtube.com\/@TMkart"]}]}},"_links":{"self":[{"href":"https:\/\/www.tmkart.it\/it\/wp-json\/wp\/v2\/pages\/1004","targetHints":{"allow":["GET"]}}],"collection":[{"href":"https:\/\/www.tmkart.it\/it\/wp-json\/wp\/v2\/pages"}],"about":[{"href":"https:\/\/www.tmkart.it\/it\/wp-json\/wp\/v2\/types\/page"}],"author":[{"embeddable":true,"href":"https:\/\/www.tmkart.it\/it\/wp-json\/wp\/v2\/users\/1"}],"replies":[{"embeddable":true,"href":"https:\/\/www.tmkart.it\/it\/wp-json\/wp\/v2\/comments?post=1004"}],"version-history":[{"count":1,"href":"https:\/\/www.tmkart.it\/it\/wp-json\/wp\/v2\/pages\/1004\/revisions"}],"predecessor-version":[{"id":1005,"href":"https:\/\/www.tmkart.it\/it\/wp-json\/wp\/v2\/pages\/1004\/revisions\/1005"}],"wp:attachment":[{"href":"https:\/\/www.tmkart.it\/it\/wp-json\/wp\/v2\/media?parent=1004"}],"curies":[{"name":"wp","href":"https:\/\/api.w.org\/{rel}","templated":true}]}}